{"id":118,"date":"2020-02-04T17:42:39","date_gmt":"2020-02-04T15:42:39","guid":{"rendered":"http:\/\/www.idfpeintures.fr\/?page_id=118"},"modified":"2023-06-27T14:36:41","modified_gmt":"2023-06-27T12:36:41","slug":"cookies","status":"publish","type":"page","link":"https:\/\/www.idfpeintures.fr\/?page_id=118","title":{"rendered":"Cookies OLD"},"content":{"rendered":"<p><strong>Politique de gestion des cookies<\/strong><\/p>\n<p><em>Lors de sa premi\u00e8re connexion sur le Site web, l\u2019Utilisateur est averti par un bandeau en bas de son \u00e9cran que des informations relatives \u00e0 sa navigation sont susceptibles d\u2019\u00eatre enregistr\u00e9es dans des fichiers d\u00e9nomm\u00e9s \u00ab cookies \u00bb. La politique d\u2019utilisation des cookies permet \u00e0 l\u2019Utilisateur de mieux comprendre les dispositions mises en \u0153uvre en mati\u00e8re de navigation sur notre Site web. <\/em><\/p>\n<ul>\n<li><strong>Informations g\u00e9n\u00e9rales<\/strong><\/li>\n<\/ul>\n<p>Les \u00ab cookies \u00bb (ou t\u00e9moins de connexion) sont des petits fichiers texte de taille limit\u00e9e qui nous permettent de reconna\u00eetre votre ordinateur, votre tablette ou votre mobile aux fins de personnaliser les services propos\u00e9s, d\u2019offrir des fonctionnalit\u00e9s relatives aux m\u00e9dias sociaux et d\u2019analyser le trafic du Site internet.\u00a0 Les informations recueillies par le biais des cookies ne permettent en aucune mani\u00e8re de vous identifier nominativement. Elles sont utilis\u00e9es exclusivement pour nos besoins propres afin d\u2019am\u00e9liorer l\u2019interactivit\u00e9 et la performance de notre Site web et de vous adresser des contenus adapt\u00e9s \u00e0 vos centres d\u2019int\u00e9r\u00eats. Aucune de ces informations ne fait l\u2019objet d\u2019une communication aupr\u00e8s de tiers sauf lorsque nous avons obtenu au pr\u00e9alable votre consentement ou bien lorsque la divulgation de ces informations est requise par la loi, sur ordre d\u2019un tribunal ou toute autorit\u00e9 administrative ou judiciaire habilit\u00e9e \u00e0 en conna\u00eetre.<\/p>\n<ul>\n<li><strong>Configuration des cookies<\/strong><\/li>\n<\/ul>\n<p>L\u2019Utilisateur a la possibilit\u00e9 d\u2019intervenir au niveau des cookies. En modifiant la configuration de son navigateur, celui-ci peut : accepter l\u2019ensemble des cookies, \u00eatre averti lors de l\u2019activation d\u2019un cookie, ou rejeter l\u2019ensemble des cookies. L&rsquo;Utilisateur a la possibilit\u00e9 de d\u00e9sactiver les cookies \u00e0 partir des param\u00e8tres de son navigateur.<\/p>\n<p>&nbsp;<\/p>\n<p>Les cookies sont \u00e9galement utilis\u00e9s lorsque l\u2019Utilisateur acc\u00e8de \u00e0 des zones r\u00e9serv\u00e9es, s\u00e9curis\u00e9es ou \u00e0 acc\u00e8s restreint du Site. Si l\u2019Utilisateur souhaite que ces cookies ne soient pas transf\u00e9r\u00e9s sur son disque dur, ou \u00eatre averti avant qu\u2019ils ne le soient, il peut les neutraliser en configurant son logiciel de navigation. L\u2019Utilisateur doit suivre les indications fournies par son navigateur \u00e0 ce sujet.<\/p>\n<p>Ces donn\u00e9es sont essentiellement destin\u00e9es \u00e0 des fins d\u2019\u00e9laboration de statistiques de la fr\u00e9quentation et de l\u2019utilisation du Site.<\/p>\n<p>La soci\u00e9t\u00e9 IDF Peintures.- M. Lopes d\u00e9cline toute responsabilit\u00e9 pour les cons\u00e9quences li\u00e9es aux dysfonctionnements ou difficult\u00e9s de navigation sur notre Site, r\u00e9sultant de l\u2019impossibilit\u00e9 d\u2019enregistrer ou de consulter les cookies n\u00e9cessaires \u00e0 son fonctionnement et que vous auriez refus\u00e9s ou supprim\u00e9s.<\/p>\n<p>Lors de votre premi\u00e8re connexion sur le Site internet, une banni\u00e8re pr\u00e9sentant bri\u00e8vement des informations relatives au d\u00e9p\u00f4t de cookies et de technologies similaires appara\u00eet en bas de votre \u00e9cran.<\/p>\n<p>Cette banni\u00e8re vous avertit qu\u2019en poursuivant votre navigation sur le Site web <a href=\"https:\/\/www.idfpeintures.fr\/\">https:\/\/www.idfpeintures.fr\/<\/a> (en chargeant une nouvelle page ou en cliquant sur divers \u00e9l\u00e9ments du Site par exemple), vous acceptez le d\u00e9p\u00f4t de cookies sur votre terminal. Vous \u00eates \u00e9galement r\u00e9put\u00e9 avoir donn\u00e9 votre accord au d\u00e9p\u00f4t de cookies en cliquant sur l\u2019ic\u00f4ne \u00ab J\u2019accepte \u00bb figurant sur la banni\u00e8re en bas de votre \u00e9cran.<\/p>\n<p>Selon le type de cookie en cause, le recueil de votre consentement au d\u00e9p\u00f4t et \u00e0 la lecture de cookies sur votre terminal peut \u00eatre imp\u00e9ratif.<\/p>\n<ol>\n<li><strong><em>Les cookies exempt\u00e9s de consentement<\/em><\/strong><\/li>\n<\/ol>\n<p>Conform\u00e9ment aux recommandations de la Commission Nationale de l\u2019Informatique et des Libert\u00e9s (CNIL), certains cookies sont dispens\u00e9s du recueil pr\u00e9alable de votre consentement dans la mesure o\u00f9 ils sont strictement n\u00e9cessaires au fonctionnement du Site internet ou ont pour finalit\u00e9 exclusive de permettre ou faciliter la communication par voie \u00e9lectronique. Il s\u2019agit notamment des cookies d\u2019identifiant de session, d\u2019authentification, de session d\u2019\u00e9quilibrage de charge ainsi que des cookies de personnalisation de votre interface.<\/p>\n<ol>\n<li><strong><em>Les cookies n\u00e9cessitant le recueil pr\u00e9alable de votre consentement<\/em><\/strong><\/li>\n<\/ol>\n<p>Cette exigence concerne les cookies \u00e9mis par des tiers et qui sont qualifi\u00e9s de \u00ab persistants \u00bb dans la mesure o\u00f9 ils demeurent dans votre terminal jusqu\u2019\u00e0 leur effacement ou leur date d\u2019expiration. De tels cookies \u00e9tant \u00e9mis par des tiers, leur utilisation et leur d\u00e9p\u00f4t sont soumis \u00e0 leurs propres politiques g\u00e9n\u00e9rales de protection des donn\u00e9es personnelles dont vous trouverez un lien ci-dessous. Cette famille de cookie regroupe notamment les cookies de mesure d\u2019audience ainsi que les cookies de partage de r\u00e9seaux sociaux. Les cookies de mesure d\u2019audience \u00e9tablissent des statistiques concernant la fr\u00e9quentation et l\u2019utilisation de divers \u00e9l\u00e9ments du Site web (comme les contenus\/pages que vous avez visit\u00e9). Ces donn\u00e9es participent \u00e0 l\u2019am\u00e9lioration de l\u2019ergonomie du Site web \u00a0<a href=\"https:\/\/www.idfpeintures.fr\/\">https:\/\/www.idfpeintures.fr\/<\/a> .<\/p>\n<p>Un outil de mesure d\u2019audience est utilis\u00e9 sur le pr\u00e9sent Site internet : Google Analytics.<\/p>\n<p>Afin de vous permettre de choisir l\u2019activation ou la d\u00e9sactivation de cet outil sur votre terminal, nous vous invitons \u00e0 cliquer sur le lien suivant : <a href=\"https:\/\/support.google.com\/analytics\/answer\/181881?hl=fr\">https:\/\/support.google.com\/analytics\/answer\/181881?hl=fr<\/a><\/p>\n<p>La plupart des navigateurs Internet sont configur\u00e9s par d\u00e9faut de fa\u00e7on \u00e0 ce que le d\u00e9p\u00f4t de cookies soit autoris\u00e9.<\/p>\n<p>Votre navigateur vous offre l\u2019opportunit\u00e9 de modifier ces param\u00e8tres standards de mani\u00e8re \u00e0 ce que l\u2019ensemble des cookies soit rejet\u00e9 syst\u00e9matiquement ou bien \u00e0 ce qu\u2019une partie seulement des cookies soit accept\u00e9e ou refus\u00e9e en fonction de leur \u00e9metteur. Veuillez ci-dessous prendre connaissance des multiples outils mis \u00e0 votre disposition afin que vous puissiez param\u00e9trer les cookies d\u00e9pos\u00e9s sur votre terminal.<\/p>\n<ol>\n<li><strong><em>Le param\u00e9trage de votre navigateur Internet <\/em><\/strong><\/li>\n<\/ol>\n<p>Chaque navigateur Internet propose ses propres param\u00e8tres de gestion des cookies. Pour savoir de quelle mani\u00e8re modifier vos pr\u00e9f\u00e9rences en mati\u00e8re de cookies, vous trouverez ci-dessous les liens vers l\u2019aide n\u00e9cessaire pour acc\u00e9der au menu de votre navigateur pr\u00e9vu \u00e0 cet effet :<\/p>\n<p>Chrome\u00a0: <a href=\"https:\/\/support.google.com\/chrome\/answer\/95647?hl=fr\">https:\/\/support.google.com\/chrome\/answer\/95647?hl=fr<\/a><\/p>\n<p>Firefox : <a href=\"https:\/\/support.mozilla.org\/fr\/kb\/activer-desactiver-cookies\">https:\/\/support.mozilla.org\/fr\/kb\/activer-desactiver-cookies<\/a><\/p>\n<p>Internet Explorer : <a href=\"https:\/\/support.microsoft.com\/fr-fr\/help\/17442\/windows-internet-explorer-delete-managecookies#ie=ie-11\">https:\/\/support.microsoft.com\/fr-fr\/help\/17442\/windows-internet-explorer-delete-managecookies#ie=ie-11<\/a><\/p>\n<p>Opera : <a href=\"http:\/\/help.opera.com\/Windows\/10.20\/fr\/cookies.html\">http:\/\/help.opera.com\/Windows\/10.20\/fr\/cookies.html<\/a><\/p>\n<p>Safari : <a href=\"https:\/\/support.apple.com\/kb\/PH21411?viewlocale=fr_FR&amp;locale=fr_FR\">https:\/\/support.apple.com\/kb\/PH21411?viewlocale=fr_FR&amp;locale=fr_FR<\/a><\/p>\n<p>Pour de plus amples informations concernant les outils de ma\u00eetrise des cookies, vous pouvez consulter le site internet de la CNIL : <a href=\"https:\/\/www.cnil.fr\/fr\/cookies-les-outils-pour-les-maitriser\"><em>https:\/\/www.cnil.fr\/fr\/cookies-les-outils-pour-les-maitriser<\/em><\/a><\/p>\n<p><em>\u00a0<\/em><\/p>\n<p><em>\u00a0<\/em><\/p>\n<p><em>\u00a0<\/em><\/p>\n<p><em>\u00a0<\/em><\/p>\n<p><em>\u00a0<\/em><\/p>\n<p>&nbsp;<\/p>\n","protected":false},"excerpt":{"rendered":"<p>Politique de gestion des cookies Lors de sa premi\u00e8re connexion sur le Site web, l\u2019Utilisateur est averti par un bandeau en bas de son \u00e9cran que des informations relatives \u00e0 sa navigation sont susceptibles d\u2019\u00eatre enregistr\u00e9es dans des fichiers d\u00e9nomm\u00e9s \u00ab cookies \u00bb. La politique d\u2019utilisation des cookies permet \u00e0 l\u2019Utilisateur de mieux comprendre les [&hellip;]<\/p>\n","protected":false},"author":4,"featured_media":0,"parent":0,"menu_order":0,"comment_status":"closed","ping_status":"closed","template":"","meta":{"_uag_custom_page_level_css":"","site-sidebar-layout":"default","site-content-layout":"","ast-site-content-layout":"","site-content-style":"default","site-sidebar-style":"default","ast-global-header-display":"","ast-banner-title-visibility":"","ast-main-header-display":"","ast-hfb-above-header-display":"","ast-hfb-below-header-display":"","ast-hfb-mobile-header-display":"","site-post-title":"","ast-breadcrumbs-content":"","ast-featured-img":"","footer-sml-layout":"","theme-transparent-header-meta":"","adv-header-id-meta":"","stick-header-meta":"","header-above-stick-meta":"","header-main-stick-meta":"","header-below-stick-meta":"","astra-migrate-meta-layouts":"default","ast-page-background-enabled":"default","ast-page-background-meta":{"desktop":{"background-color":"var(--ast-global-color-4)","background-image":"","background-repeat":"repeat","background-position":"center center","background-size":"auto","background-attachment":"scroll","background-type":"","background-media":"","overlay-type":"","overlay-color":"","overlay-opacity":"","overlay-gradient":""},"tablet":{"background-color":"","background-image":"","background-repeat":"repeat","background-position":"center center","background-size":"auto","background-attachment":"scroll","background-type":"","background-media":"","overlay-type":"","overlay-color":"","overlay-opacity":"","overlay-gradient":""},"mobile":{"background-color":"","background-image":"","background-repeat":"repeat","background-position":"center center","background-size":"auto","background-attachment":"scroll","background-type":"","background-media":"","overlay-type":"","overlay-color":"","overlay-opacity":"","overlay-gradient":""}},"ast-content-background-meta":{"desktop":{"background-color":"var(--ast-global-color-5)","background-image":"","background-repeat":"repeat","background-position":"center center","background-size":"auto","background-attachment":"scroll","background-type":"","background-media":"","overlay-type":"","overlay-color":"","overlay-opacity":"","overlay-gradient":""},"tablet":{"background-color":"var(--ast-global-color-5)","background-image":"","background-repeat":"repeat","background-position":"center center","background-size":"auto","background-attachment":"scroll","background-type":"","background-media":"","overlay-type":"","overlay-color":"","overlay-opacity":"","overlay-gradient":""},"mobile":{"background-color":"var(--ast-global-color-5)","background-image":"","background-repeat":"repeat","background-position":"center center","background-size":"auto","background-attachment":"scroll","background-type":"","background-media":"","overlay-type":"","overlay-color":"","overlay-opacity":"","overlay-gradient":""}},"footnotes":""},"class_list":["post-118","page","type-page","status-publish","hentry"],"uagb_featured_image_src":{"full":false,"thumbnail":false,"medium":false,"medium_large":false,"large":false,"1536x1536":false,"2048x2048":false},"uagb_author_info":{"display_name":"IDF PEINTURES","author_link":"https:\/\/www.idfpeintures.fr\/?author=4"},"uagb_comment_info":0,"uagb_excerpt":"Politique de gestion des cookies Lors de sa premi\u00e8re connexion sur le Site web, l\u2019Utilisateur est averti par un bandeau en bas de son \u00e9cran que des informations relatives \u00e0 sa navigation sont susceptibles d\u2019\u00eatre enregistr\u00e9es dans des fichiers d\u00e9nomm\u00e9s \u00ab cookies \u00bb. La politique d\u2019utilisation des cookies permet \u00e0 l\u2019Utilisateur de mieux comprendre les\u2026","_links":{"self":[{"href":"https:\/\/www.idfpeintures.fr\/index.php?rest_route=\/wp\/v2\/pages\/118","targetHints":{"allow":["GET"]}}],"collection":[{"href":"https:\/\/www.idfpeintures.fr\/index.php?rest_route=\/wp\/v2\/pages"}],"about":[{"href":"https:\/\/www.idfpeintures.fr\/index.php?rest_route=\/wp\/v2\/types\/page"}],"author":[{"embeddable":true,"href":"https:\/\/www.idfpeintures.fr\/index.php?rest_route=\/wp\/v2\/users\/4"}],"replies":[{"embeddable":true,"href":"https:\/\/www.idfpeintures.fr\/index.php?rest_route=%2Fwp%2Fv2%2Fcomments&post=118"}],"version-history":[{"count":2,"href":"https:\/\/www.idfpeintures.fr\/index.php?rest_route=\/wp\/v2\/pages\/118\/revisions"}],"predecessor-version":[{"id":171,"href":"https:\/\/www.idfpeintures.fr\/index.php?rest_route=\/wp\/v2\/pages\/118\/revisions\/171"}],"wp:attachment":[{"href":"https:\/\/www.idfpeintures.fr\/index.php?rest_route=%2Fwp%2Fv2%2Fmedia&parent=118"}],"curies":[{"name":"wp","href":"https:\/\/api.w.org\/{rel}","templated":true}]}}